{"id":346,"date":"2022-12-13T11:37:13","date_gmt":"2022-12-13T14:37:13","guid":{"rendered":"https:\/\/www.arrobavisual.org\/tienda\/?post_type=product&#038;p=346"},"modified":"2023-12-24T17:36:05","modified_gmt":"2023-12-24T20:36:05","slug":"cuadro-al-contemplar-la-ventana-autora-maria-belen-subiran","status":"publish","type":"product","link":"https:\/\/www.arrobavisual.org\/tienda\/product\/cuadro-al-contemplar-la-ventana-autora-maria-belen-subiran\/","title":{"rendered":"Cuadro: \u00abAl contemplar la ventana\u00bb Autora: Mar\u00eda Bel\u00e9n Subir\u00e1n"},"content":{"rendered":"<p>Autora: Mar\u00eda Bel\u00e9n Subir\u00e1n.<\/p>\n<p>Nombre: Al contemplar la ventana.<\/p>\n<p>T\u00e9cnica: Acr\u00edlico sobre tela con dorado a la hoja.<\/p>\n<p>Dimensiones: 20cm x 20cm.<\/p>\n<p>Encuadrado: Si.<\/p>\n<p>&nbsp;<\/p>\n<hr \/>\n<p>RETIRO<\/p>\n<p>Se retira sin costo en zona Intercambiador Belloni o zona Tres Cruces.<\/p>\n<p>Los env\u00edos se realizan por la empresa DAC. Consulta costo seg\u00fan tu zona.<\/p>\n<p>Luego de realizar la compra env\u00edanos el comprobante de pago y concretaremos la entrega del producto. Cel contacto: 097110406<\/p>\n","protected":false},"excerpt":{"rendered":"<p>Autora: Mar\u00eda Bel\u00e9n Subir\u00e1n. Nombre: Al contemplar la ventana. T\u00e9cnica: Acr\u00edlico sobre tela con dorado a la hoja. Dimensiones: 20cm x 20cm. Encuadrado: Si. &nbsp; RETIRO Se retira sin costo en zona Intercambiador Belloni o zona Tres Cruces. Los env\u00edos se realizan por la empresa DAC. Consulta costo seg\u00fan tu zona. Luego de realizar la [&hellip;]<\/p>\n","protected":false},"featured_media":347,"template":"","meta":[],"product_brand":[],"product_cat":[26,27],"product_tag":[],"class_list":{"0":"post-346","1":"product","2":"type-product","3":"status-publish","4":"has-post-thumbnail","6":"product_cat-arte","7":"product_cat-cuadros","9":"first","10":"instock","11":"shipping-taxable","12":"purchasable","13":"product-type-simple"},"yoast_head":"<!-- This site is optimized with the Yoast SEO plugin v24.4 - https:\/\/yoast.com\/wordpress\/plugins\/seo\/ -->\n<title>Cuadro: &quot;Al contemplar la ventana&quot; Autora: Mar\u00eda Bel\u00e9n Subir\u00e1n - Arroba Visual Tienda<\/title>\n<meta name=\"description\" content=\"Autora: Mar\u00eda Bel\u00e9n Subir\u00e1n. Nombre: Al contemplar la ventana. T\u00e9cnica: Acr\u00edlico sobre tela con dorado a la hoja. Dimensiones: 20cm x 20cm.Encuadrado: Si.\" \/>\n<meta name=\"robots\" content=\"index, follow, max-snippet:-1, max-image-preview:large, max-video-preview:-1\" \/>\n<link rel=\"canonical\" href=\"https:\/\/www.arrobavisual.org\/tienda\/product\/cuadro-al-contemplar-la-ventana-autora-maria-belen-subiran\/\" \/>\n<meta property=\"og:locale\" content=\"es_ES\" \/>\n<meta property=\"og:type\" content=\"article\" \/>\n<meta property=\"og:title\" content=\"Cuadro: &quot;Al contemplar la ventana&quot; Autora: Mar\u00eda Bel\u00e9n Subir\u00e1n - Arroba Visual Tienda\" \/>\n<meta property=\"og:description\" content=\"Autora: Mar\u00eda Bel\u00e9n Subir\u00e1n. Nombre: Al contemplar la ventana. T\u00e9cnica: Acr\u00edlico sobre tela con dorado a la hoja. Dimensiones: 20cm x 20cm.Encuadrado: Si.\" \/>\n<meta property=\"og:url\" content=\"https:\/\/www.arrobavisual.org\/tienda\/product\/cuadro-al-contemplar-la-ventana-autora-maria-belen-subiran\/\" \/>\n<meta property=\"og:site_name\" content=\"Arroba Visual Tienda\" \/>\n<meta property=\"article:modified_time\" content=\"2023-12-24T20:36:05+00:00\" \/>\n<meta property=\"og:image\" content=\"https:\/\/www.arrobavisual.org\/tienda\/wp-content\/uploads\/2022\/12\/al-contemplar-la-ventana.jpeg\" \/>\n\t<meta property=\"og:image:width\" content=\"1422\" \/>\n\t<meta property=\"og:image:height\" content=\"1372\" \/>\n\t<meta property=\"og:image:type\" content=\"image\/jpeg\" \/>\n<meta name=\"twitter:card\" content=\"summary_large_image\" \/>\n<meta name=\"twitter:label1\" content=\"Tiempo de lectura\" \/>\n\t<meta name=\"twitter:data1\" content=\"1 minuto\" \/>\n<script type=\"application\/ld+json\" class=\"yoast-schema-graph\">{\"@context\":\"https:\/\/schema.org\",\"@graph\":[{\"@type\":\"WebPage\",\"@id\":\"https:\/\/www.arrobavisual.org\/tienda\/product\/cuadro-al-contemplar-la-ventana-autora-maria-belen-subiran\/\",\"url\":\"https:\/\/www.arrobavisual.org\/tienda\/product\/cuadro-al-contemplar-la-ventana-autora-maria-belen-subiran\/\",\"name\":\"Cuadro: \\\"Al contemplar la ventana\\\" Autora: Mar\u00eda Bel\u00e9n Subir\u00e1n - Arroba Visual Tienda\",\"isPartOf\":{\"@id\":\"https:\/\/www.arrobavisual.org\/tienda\/#website\"},\"primaryImageOfPage\":{\"@id\":\"https:\/\/www.arrobavisual.org\/tienda\/product\/cuadro-al-contemplar-la-ventana-autora-maria-belen-subiran\/#primaryimage\"},\"image\":{\"@id\":\"https:\/\/www.arrobavisual.org\/tienda\/product\/cuadro-al-contemplar-la-ventana-autora-maria-belen-subiran\/#primaryimage\"},\"thumbnailUrl\":\"https:\/\/www.arrobavisual.org\/tienda\/wp-content\/uploads\/2022\/12\/al-contemplar-la-ventana.jpeg\",\"datePublished\":\"2022-12-13T14:37:13+00:00\",\"dateModified\":\"2023-12-24T20:36:05+00:00\",\"description\":\"Autora: Mar\u00eda Bel\u00e9n Subir\u00e1n. Nombre: Al contemplar la ventana. T\u00e9cnica: Acr\u00edlico sobre tela con dorado a la hoja. Dimensiones: 20cm x 20cm.Encuadrado: Si.\",\"breadcrumb\":{\"@id\":\"https:\/\/www.arrobavisual.org\/tienda\/product\/cuadro-al-contemplar-la-ventana-autora-maria-belen-subiran\/#breadcrumb\"},\"inLanguage\":\"es\",\"potentialAction\":[{\"@type\":\"ReadAction\",\"target\":[\"https:\/\/www.arrobavisual.org\/tienda\/product\/cuadro-al-contemplar-la-ventana-autora-maria-belen-subiran\/\"]}]},{\"@type\":\"ImageObject\",\"inLanguage\":\"es\",\"@id\":\"https:\/\/www.arrobavisual.org\/tienda\/product\/cuadro-al-contemplar-la-ventana-autora-maria-belen-subiran\/#primaryimage\",\"url\":\"https:\/\/www.arrobavisual.org\/tienda\/wp-content\/uploads\/2022\/12\/al-contemplar-la-ventana.jpeg\",\"contentUrl\":\"https:\/\/www.arrobavisual.org\/tienda\/wp-content\/uploads\/2022\/12\/al-contemplar-la-ventana.jpeg\",\"width\":1422,\"height\":1372,\"caption\":\"cuadro al contemplar la ventana\"},{\"@type\":\"BreadcrumbList\",\"@id\":\"https:\/\/www.arrobavisual.org\/tienda\/product\/cuadro-al-contemplar-la-ventana-autora-maria-belen-subiran\/#breadcrumb\",\"itemListElement\":[{\"@type\":\"ListItem\",\"position\":1,\"name\":\"Portada\",\"item\":\"https:\/\/www.arrobavisual.org\/tienda\/\"},{\"@type\":\"ListItem\",\"position\":2,\"name\":\"Tienda Arroba Visual\",\"item\":\"https:\/\/www.arrobavisual.org\/tienda\/\"},{\"@type\":\"ListItem\",\"position\":3,\"name\":\"Cuadro: &#8220;Al contemplar la ventana&#8221; Autora: Mar\u00eda Bel\u00e9n Subir\u00e1n\"}]},{\"@type\":\"WebSite\",\"@id\":\"https:\/\/www.arrobavisual.org\/tienda\/#website\",\"url\":\"https:\/\/www.arrobavisual.org\/tienda\/\",\"name\":\"Arroba Visual Tienda\",\"description\":\"NFT, cursos, talleres, productos y servicios\",\"publisher\":{\"@id\":\"https:\/\/www.arrobavisual.org\/tienda\/#organization\"},\"potentialAction\":[{\"@type\":\"SearchAction\",\"target\":{\"@type\":\"EntryPoint\",\"urlTemplate\":\"https:\/\/www.arrobavisual.org\/tienda\/?s={search_term_string}\"},\"query-input\":{\"@type\":\"PropertyValueSpecification\",\"valueRequired\":true,\"valueName\":\"search_term_string\"}}],\"inLanguage\":\"es\"},{\"@type\":\"Organization\",\"@id\":\"https:\/\/www.arrobavisual.org\/tienda\/#organization\",\"name\":\"Arroba Visual Tienda\",\"url\":\"https:\/\/www.arrobavisual.org\/tienda\/\",\"logo\":{\"@type\":\"ImageObject\",\"inLanguage\":\"es\",\"@id\":\"https:\/\/www.arrobavisual.org\/tienda\/#\/schema\/logo\/image\/\",\"url\":\"https:\/\/www.arrobavisual.org\/tienda\/wp-content\/uploads\/2022\/05\/cropped-AVisologotipo-1.png\",\"contentUrl\":\"https:\/\/www.arrobavisual.org\/tienda\/wp-content\/uploads\/2022\/05\/cropped-AVisologotipo-1.png\",\"width\":236,\"height\":186,\"caption\":\"Arroba Visual Tienda\"},\"image\":{\"@id\":\"https:\/\/www.arrobavisual.org\/tienda\/#\/schema\/logo\/image\/\"}}]}<\/script>\n<!-- \/ Yoast SEO plugin. -->","yoast_head_json":{"title":"Cuadro: \"Al contemplar la ventana\" Autora: Mar\u00eda Bel\u00e9n Subir\u00e1n - Arroba Visual Tienda","description":"Autora: Mar\u00eda Bel\u00e9n Subir\u00e1n. Nombre: Al contemplar la ventana. T\u00e9cnica: Acr\u00edlico sobre tela con dorado a la hoja. Dimensiones: 20cm x 20cm.Encuadrado: Si.","robots":{"index":"index","follow":"follow","max-snippet":"max-snippet:-1","max-image-preview":"max-image-preview:large","max-video-preview":"max-video-preview:-1"},"canonical":"https:\/\/www.arrobavisual.org\/tienda\/product\/cuadro-al-contemplar-la-ventana-autora-maria-belen-subiran\/","og_locale":"es_ES","og_type":"article","og_title":"Cuadro: \"Al contemplar la ventana\" Autora: Mar\u00eda Bel\u00e9n Subir\u00e1n - Arroba Visual Tienda","og_description":"Autora: Mar\u00eda Bel\u00e9n Subir\u00e1n. Nombre: Al contemplar la ventana. T\u00e9cnica: Acr\u00edlico sobre tela con dorado a la hoja. Dimensiones: 20cm x 20cm.Encuadrado: Si.","og_url":"https:\/\/www.arrobavisual.org\/tienda\/product\/cuadro-al-contemplar-la-ventana-autora-maria-belen-subiran\/","og_site_name":"Arroba Visual Tienda","article_modified_time":"2023-12-24T20:36:05+00:00","og_image":[{"width":1422,"height":1372,"url":"https:\/\/www.arrobavisual.org\/tienda\/wp-content\/uploads\/2022\/12\/al-contemplar-la-ventana.jpeg","type":"image\/jpeg"}],"twitter_card":"summary_large_image","twitter_misc":{"Tiempo de lectura":"1 minuto"},"schema":{"@context":"https:\/\/schema.org","@graph":[{"@type":"WebPage","@id":"https:\/\/www.arrobavisual.org\/tienda\/product\/cuadro-al-contemplar-la-ventana-autora-maria-belen-subiran\/","url":"https:\/\/www.arrobavisual.org\/tienda\/product\/cuadro-al-contemplar-la-ventana-autora-maria-belen-subiran\/","name":"Cuadro: \"Al contemplar la ventana\" Autora: Mar\u00eda Bel\u00e9n Subir\u00e1n - Arroba Visual Tienda","isPartOf":{"@id":"https:\/\/www.arrobavisual.org\/tienda\/#website"},"primaryImageOfPage":{"@id":"https:\/\/www.arrobavisual.org\/tienda\/product\/cuadro-al-contemplar-la-ventana-autora-maria-belen-subiran\/#primaryimage"},"image":{"@id":"https:\/\/www.arrobavisual.org\/tienda\/product\/cuadro-al-contemplar-la-ventana-autora-maria-belen-subiran\/#primaryimage"},"thumbnailUrl":"https:\/\/www.arrobavisual.org\/tienda\/wp-content\/uploads\/2022\/12\/al-contemplar-la-ventana.jpeg","datePublished":"2022-12-13T14:37:13+00:00","dateModified":"2023-12-24T20:36:05+00:00","description":"Autora: Mar\u00eda Bel\u00e9n Subir\u00e1n. Nombre: Al contemplar la ventana. T\u00e9cnica: Acr\u00edlico sobre tela con dorado a la hoja. Dimensiones: 20cm x 20cm.Encuadrado: Si.","breadcrumb":{"@id":"https:\/\/www.arrobavisual.org\/tienda\/product\/cuadro-al-contemplar-la-ventana-autora-maria-belen-subiran\/#breadcrumb"},"inLanguage":"es","potentialAction":[{"@type":"ReadAction","target":["https:\/\/www.arrobavisual.org\/tienda\/product\/cuadro-al-contemplar-la-ventana-autora-maria-belen-subiran\/"]}]},{"@type":"ImageObject","inLanguage":"es","@id":"https:\/\/www.arrobavisual.org\/tienda\/product\/cuadro-al-contemplar-la-ventana-autora-maria-belen-subiran\/#primaryimage","url":"https:\/\/www.arrobavisual.org\/tienda\/wp-content\/uploads\/2022\/12\/al-contemplar-la-ventana.jpeg","contentUrl":"https:\/\/www.arrobavisual.org\/tienda\/wp-content\/uploads\/2022\/12\/al-contemplar-la-ventana.jpeg","width":1422,"height":1372,"caption":"cuadro al contemplar la ventana"},{"@type":"BreadcrumbList","@id":"https:\/\/www.arrobavisual.org\/tienda\/product\/cuadro-al-contemplar-la-ventana-autora-maria-belen-subiran\/#breadcrumb","itemListElement":[{"@type":"ListItem","position":1,"name":"Portada","item":"https:\/\/www.arrobavisual.org\/tienda\/"},{"@type":"ListItem","position":2,"name":"Tienda Arroba Visual","item":"https:\/\/www.arrobavisual.org\/tienda\/"},{"@type":"ListItem","position":3,"name":"Cuadro: &#8220;Al contemplar la ventana&#8221; Autora: Mar\u00eda Bel\u00e9n Subir\u00e1n"}]},{"@type":"WebSite","@id":"https:\/\/www.arrobavisual.org\/tienda\/#website","url":"https:\/\/www.arrobavisual.org\/tienda\/","name":"Arroba Visual Tienda","description":"NFT, cursos, talleres, productos y servicios","publisher":{"@id":"https:\/\/www.arrobavisual.org\/tienda\/#organization"},"potentialAction":[{"@type":"SearchAction","target":{"@type":"EntryPoint","urlTemplate":"https:\/\/www.arrobavisual.org\/tienda\/?s={search_term_string}"},"query-input":{"@type":"PropertyValueSpecification","valueRequired":true,"valueName":"search_term_string"}}],"inLanguage":"es"},{"@type":"Organization","@id":"https:\/\/www.arrobavisual.org\/tienda\/#organization","name":"Arroba Visual Tienda","url":"https:\/\/www.arrobavisual.org\/tienda\/","logo":{"@type":"ImageObject","inLanguage":"es","@id":"https:\/\/www.arrobavisual.org\/tienda\/#\/schema\/logo\/image\/","url":"https:\/\/www.arrobavisual.org\/tienda\/wp-content\/uploads\/2022\/05\/cropped-AVisologotipo-1.png","contentUrl":"https:\/\/www.arrobavisual.org\/tienda\/wp-content\/uploads\/2022\/05\/cropped-AVisologotipo-1.png","width":236,"height":186,"caption":"Arroba Visual Tienda"},"image":{"@id":"https:\/\/www.arrobavisual.org\/tienda\/#\/schema\/logo\/image\/"}}]}},"_links":{"self":[{"href":"https:\/\/www.arrobavisual.org\/tienda\/wp-json\/wp\/v2\/product\/346","targetHints":{"allow":["GET"]}}],"collection":[{"href":"https:\/\/www.arrobavisual.org\/tienda\/wp-json\/wp\/v2\/product"}],"about":[{"href":"https:\/\/www.arrobavisual.org\/tienda\/wp-json\/wp\/v2\/types\/product"}],"wp:featuredmedia":[{"embeddable":true,"href":"https:\/\/www.arrobavisual.org\/tienda\/wp-json\/wp\/v2\/media\/347"}],"wp:attachment":[{"href":"https:\/\/www.arrobavisual.org\/tienda\/wp-json\/wp\/v2\/media?parent=346"}],"wp:term":[{"taxonomy":"product_brand","embeddable":true,"href":"https:\/\/www.arrobavisual.org\/tienda\/wp-json\/wp\/v2\/product_brand?post=346"},{"taxonomy":"product_cat","embeddable":true,"href":"https:\/\/www.arrobavisual.org\/tienda\/wp-json\/wp\/v2\/product_cat?post=346"},{"taxonomy":"product_tag","embeddable":true,"href":"https:\/\/www.arrobavisual.org\/tienda\/wp-json\/wp\/v2\/product_tag?post=346"}],"curies":[{"name":"wp","href":"https:\/\/api.w.org\/{rel}","templated":true}]}}